{"id":12892,"date":"2024-12-05T09:28:25","date_gmt":"2024-12-05T08:28:25","guid":{"rendered":"https:\/\/biarchitecture.org\/visitas-guiadas-en-barco\/"},"modified":"2024-12-05T11:06:35","modified_gmt":"2024-12-05T10:06:35","slug":"visitas-guiadas-en-barco","status":"publish","type":"page","link":"https:\/\/biarchitecture.org\/en\/visitas-guiadas-en-barco\/","title":{"rendered":"GUIDED BOAT TOURS ALONG THE BILBAO RIA (ESTUARY)"},"content":{"rendered":"<div class=\"wpb-content-wrapper\"><p>[vc_row padding_top_multiplier=&#8221;4x&#8221; padding_bottom_multiplier=&#8221;2x&#8221; rc_heading_color=&#8221;light&#8221; rc_bg_type=&#8221;gradient&#8221; rc_bg_gradient_color_1=&#8221;#66625b&#8221; rc_bg_gradient_color_2=&#8221;rgba(102,98,91,0.78)&#8221; separator_top=&#8221;tilt-left-separator&#8221; separator_top_size=&#8221;60px&#8221; separator_bottom_size=&#8221;60px&#8221; rc_font_color=&#8221;#ffffff&#8221; rc_margin_bottom=&#8221;80px&#8221;][vc_column rc_heading_color=&#8221;light&#8221; z_index=&#8221;10000&#8243;]<h1 class=\"eut-element eut-title eut-align-inherit eut-h1\" style=\"\"><span><br>\n<p style=\"font-weight: 400;\"><strong>GUIDED BOAT TOURS ALONG THE BILBAO R\u00cdA (ESTUARY)<\/strong><br>\n<\/span><\/h1>[\/vc_column][\/vc_row][vc_row padding_top_multiplier=&#8221;&#8221; padding_bottom_multiplier=&#8221;&#8221; rc_heading_color=&#8221;primary-2&#8243;][vc_column rc_bg_type=&#8221;color&#8221; rc_bg_color=&#8221;#ffffff&#8221; css=&#8221;.vc_custom_1733390389387{margin-bottom: 70px !important;padding-top: 60px !important;padding-right: 60px !important;padding-bottom: 60px !important;padding-left: 60px !important;}&#8221;]<h2 class=\"eut-element eut-title eut-align-inherit eut-h2\" style=\"\"><span><strong>GUIDED BOAT TOURS ALONG THE BILBAO R\u00cdA (ESTUARY)<\/strong><br \/>\nARCHITECTURE AND KLIMATE<\/span><\/h2>[vc_column_text css=&#8221;.vc_custom_1733392970372{margin-bottom: 40px !important;}&#8221;]<\/p>\n<h5>Guided tour. Vasque-spanish. 2h duration.<\/h5>\n<p>[\/vc_column_text][vc_btn title=&#8221;BOOK TICKET&#8221; style=&#8221;custom&#8221; custom_background=&#8221;#32BAAD&#8221; custom_text=&#8221;#FFFFFF&#8221; size=&#8221;lg&#8221; css=&#8221;.vc_custom_1733393065326{margin-top: 30px !important;}&#8221; link=&#8221;url:https%3A%2F%2Fwww.eventbrite.es%2Fe%2Fentradas-bisita-gidatuak-itsasontziz-visita-guiada-barco-1105583503019%3Faff%3Doddtdtcreator&#8221;][\/vc_column][\/vc_row][vc_row section_type=&#8221;container-width&#8221; padding_top_multiplier=&#8221;&#8221; padding_bottom_multiplier=&#8221;&#8221; rc_heading_color=&#8221;light&#8221; columns_gap=&#8221;none&#8221; equal_column_height=&#8221;equal&#8221; rc_font_color=&#8221;#ffffff&#8221; rc_margin_bottom=&#8221;2em&#8221;][vc_column width=&#8221;2\/3&#8243; vertical_content_position=&#8221;middle&#8221; rc_bg_type=&#8221;color&#8221; css=&#8221;.vc_custom_1733390411542{margin-bottom: 50px !important;padding-top: 40px !important;padding-right: 40px !important;padding-bottom: 50px !important;padding-left: 60px !important;}&#8221; rc_bg_color=&#8221;#FFFFFF&#8221;]<h3 class=\"eut-element eut-title eut-align-left eut-h4\" style=\"\"><span><strong><span style=\"color: #008080;\">DAY\/HOUR<\/span><\/strong><span class=\"eut-title-line eut-title-left-line eut-bg-primary-2\" style=\"width: 50px;height: 1px;\"><\/span><\/span><\/h3>[vc_raw_html css=&#8221;&#8221;]JTNDdGFibGUlMjBib3JkZXIlM0QlMjIxJTIyJTIwc3R5bGUlM0QlMjJib3JkZXItY29sbGFwc2UlM0ElMjBjb2xsYXBzZSUzQiUyMHRleHQtYWxpZ24lM0ElMjBjZW50ZXIlM0IlMjB3aWR0aCUzQSUyMDEwMCUyNSUzQiUyMiUzRSUwQSUyMCUyMCUyMCUyMCUzQ3RoZWFkJTNFJTBBJTIwJTIwJTIwJTIwJTIwJTIwJTIwJTIwJTNDdHIlM0UlMEElMjAlMjAlMjAlMjAlMjAlMjAlMjAlMjAlMjAlMjAlMjAlMjAlM0N0aCUzRSUzQ3N0cm9uZyUzRURBWSUzQyUyRnN0cm9uZyUzRSUzQyUyRnRoJTNFJTBBJTIwJTIwJTIwJTIwJTIwJTIwJTIwJTIwJTIwJTIwJTIwJTIwJTNDdGglM0UlM0NzdHJvbmclM0VIT1VSJTNDJTJGc3Ryb25nJTNFJTNDJTJGdGglM0UlMEElMjAlMjAlMjAlMjAlMjAlMjAlMjAlMjAlMjAlMjAlMjAlMjAlM0N0aCUzRSUzQ3N0cm9uZyUzRU1PTlRIJTNDJTJGc3Ryb25nJTNFJTNDJTJGdGglM0UlMEElMjAlMjAlMjAlMjAlMjAlMjAlMjAlMjAlMjAlMjAlMjAlMjAlM0N0aCUzRSUzQ3N0cm9uZyUzRUFDVElWSVRZJTNDJTJGc3Ryb25nJTNFJTNDJTJGdGglM0UlMEElMjAlMjAlMjAlMjAlMjAlMjAlMjAlMjAlM0MlMkZ0ciUzRSUwQSUyMCUyMCUyMCUyMCUzQyUyRnRoZWFkJTNFJTBBJTIwJTIwJTIwJTIwJTNDdGJvZHklM0UlMEElMjAlMjAlMjAlMjAlMjAlMjAlMjAlMjAlM0N0ciUzRSUwQSUyMCUyMCUyMCUyMCUyMCUyMCUyMCUyMCUyMCUyMCUyMCUyMCUzQ3RkJTNFMTQlM0MlMkZ0ZCUzRSUwQSUyMCUyMCUyMCUyMCUyMCUyMCUyMCUyMCUyMCUyMCUyMCUyMCUzQ3RkJTNFMTIlM0E0NSUyMEElMjAxNCUzQTQ1JTNDJTJGdGQlM0UlMEElMjAlMjAlMjAlMjAlMjAlMjAlMjAlMjAlMjAlMjAlMjAlMjAlM0N0ZCUyMHJvd3NwYW4lM0QlMjI0JTIyJTIwc3R5bGUlM0QlMjJ2ZXJ0aWNhbC1hbGlnbiUzQSUyMG1pZGRsZSUzQiUyMiUzRURFQ0VNQkVSJTNDJTJGdGQlM0UlMEElMjAlMjAlMjAlMjAlMjAlMjAlMjAlMjAlMjAlMjAlMjAlMjAlM0N0ZCUyMHJvd3NwYW4lM0QlMjI0JTIyJTIwc3R5bGUlM0QlMjJ2ZXJ0aWNhbC1hbGlnbiUzQSUyMG1pZGRsZSUzQiUyMiUzRSUwQSUyMCUyMCUyMCUyMCUyMCUyMCUyMCUyMCUyMCUyMCUyMCUyMCUyMCUyMCUyMEdVSURFRCUyMEJPQVQlMjBUT1VSUyUyMEFMT05HJTIwVEhFJTIwQklMQkFPJTIwUiVDMyU4REElMjAlMjhFU1RVQVJZJTI5JTIwJTNDYnIlM0UlMEElMjAlMjAlMjAlMjAlMjAlMjAlMjAlMjAlMjAlMjAlMjAlMjAlMjAlMjAlMjAlMjAlM0NiJTNFQVJDSElURUNUVVJFJTIwQU5EJTIwS0xJTUFURSUzQyUyRmIlM0UlM0NiciUzRSUwQSUyMCUyMCUyMCUyMCUyMCUyMCUyMCUyMCUyMCUyMCUyMCUyMCUyMCUyMCUyMCUyMFZhc3F1ZS1zcGFuaXNoJTBBJTIwJTIwJTIwJTIwJTIwJTIwJTIwJTIwJTIwJTIwJTIwJTIwJTNDJTJGdGQlM0UlMEElMjAlMjAlMjAlMjAlMjAlMjAlMjAlMjAlM0MlMkZ0ciUzRSUwQSUyMCUyMCUyMCUyMCUyMCUyMCUyMCUyMCUzQ3RyJTNFJTBBJTIwJTIwJTIwJTIwJTIwJTIwJTIwJTIwJTIwJTIwJTIwJTIwJTNDdGQlM0UxNSUzQyUyRnRkJTNFJTBBJTIwJTIwJTIwJTIwJTIwJTIwJTIwJTIwJTIwJTIwJTIwJTIwJTNDdGQlM0UxMiUzQTQ1JTIwQSUyMDE0JTNBNDUlM0MlMkZ0ZCUzRSUwQSUyMCUyMCUyMCUyMCUyMCUyMCUyMCUyMCUzQyUyRnRyJTNFJTBBJTIwJTIwJTIwJTIwJTIwJTIwJTIwJTIwJTNDdHIlM0UlMEElMjAlMjAlMjAlMjAlMjAlMjAlMjAlMjAlMjAlMjAlMjAlMjAlM0N0ZCUzRTI4JTNDJTJGdGQlM0UlMEElMjAlMjAlMjAlMjAlMjAlMjAlMjAlMjAlMjAlMjAlMjAlMjAlM0N0ZCUzRTEyJTNBNDUlMjBBJTIwMTQlM0E0NSUzQyUyRnRkJTNFJTBBJTIwJTIwJTIwJTIwJTIwJTIwJTIwJTIwJTNDJTJGdHIlM0UlMEElMjAlMjAlMjAlMjAlMjAlMjAlMjAlMjAlM0N0ciUzRSUwQSUyMCUyMCUyMCUyMCUyMCUyMCUyMCUyMCUyMCUyMCUyMCUyMCUzQ3RkJTNFMjklM0MlMkZ0ZCUzRSUwQSUyMCUyMCUyMCUyMCUyMCUyMCUyMCUyMCUyMCUyMCUyMCUyMCUzQ3RkJTNFMTIlM0E0NSUyMEElMjAxNCUzQTQ1JTNDJTJGdGQlM0UlMEElMjAlMjAlMjAlMjAlMjAlMjAlMjAlMjAlM0MlMkZ0ciUzRSUwQSUyMCUyMCUyMCUyMCUzQyUyRnRib2R5JTNFJTBBJTNDJTJGdGFibGUlM0U=[\/vc_raw_html][vc_single_image image=&#8221;12865&#8243; img_size=&#8221;full&#8221; alignment=&#8221;center&#8221; css=&#8221;&#8221;][\/vc_column][vc_column width=&#8221;1\/3&#8243;][\/vc_column][\/vc_row]<\/p>\n<\/div>","protected":false},"excerpt":{"rendered":"<p>[vc_row padding_top_multiplier=&#8221;4x&#8221; padding_bottom_multiplier=&#8221;2x&#8221; rc_heading_color=&#8221;light&#8221; rc_bg_type=&#8221;gradient&#8221; rc_bg_gradient_color_1=&#8221;#66625b&#8221; rc_bg_gradient_color_2=&#8221;rgba(102,98,91,0.78)&#8221; separator_top=&#8221;tilt-left-separator&#8221; separator_top_size=&#8221;60px&#8221; separator_bottom_size=&#8221;60px&#8221; rc_font_color=&#8221;#ffffff&#8221; rc_margin_bottom=&#8221;80px&#8221;][vc_column rc_heading_color=&#8221;light&#8221; z_index=&#8221;10000&#8243;][\/vc_column][\/vc_row][vc_row padding_top_multiplier=&#8221;&#8221; padding_bottom_multiplier=&#8221;&#8221; rc_heading_color=&#8221;primary-2&#8243;][vc_column rc_bg_type=&#8221;color&#8221; rc_bg_color=&#8221;#ffffff&#8221; css=&#8221;.vc_custom_1733390389387{margin-bottom: 70px !important;padding-top: 60px !important;padding-right: 60px !important;padding-bottom: 60px !important;padding-left: 60px !important;}&#8221;][vc_column_text css=&#8221;.vc_custom_1733392970372{margin-bottom: 40px !important;}&#8221;] Guided tour. Vasque-spanish. 2h duration. [\/vc_column_text][vc_btn title=&#8221;BOOK TICKET&#8221; style=&#8221;custom&#8221; custom_background=&#8221;#32BAAD&#8221; custom_text=&#8221;#FFFFFF&#8221; size=&#8221;lg&#8221; css=&#8221;.vc_custom_1733393065326{margin-top: 30px !important;}&#8221; link=&#8221;url:https%3A%2F%2Fwww.eventbrite.es%2Fe%2Fentradas-bisita-gidatuak-itsasontziz-visita-guiada-barco-1105583503019%3Faff%3Doddtdtcreator&#8221;][\/vc_column][\/vc_row][vc_row section_type=&#8221;container-width&#8221; padding_top_multiplier=&#8221;&#8221; padding_bottom_multiplier=&#8221;&#8221; rc_heading_color=&#8221;light&#8221; columns_gap=&#8221;none&#8221; equal_column_height=&#8221;equal&#8221; [&hellip;]<\/p>\n","protected":false},"author":1,"featured_media":0,"parent":0,"menu_order":2,"comment_status":"closed","ping_status":"closed","template":"","meta":{"footnotes":""},"class_list":["post-12892","page","type-page","status-publish","hentry"],"yoast_head":"<!-- This site is optimized with the Yoast SEO plugin v27.6 - https:\/\/yoast.com\/product\/yoast-seo-wordpress\/ -->\n<title>GUIDED BOAT TOURS ALONG THE BILBAO RIA (ESTUARY) - BIA Architecture<\/title>\n<meta name=\"description\" content=\"Ciclos de cine englobados dentro del marco de actividades ciudadanas organizadas por el COAVN para BIA 2022.\" \/>\n<meta name=\"robots\" content=\"index, follow, max-snippet:-1, max-image-preview:large, max-video-preview:-1\" \/>\n<link rel=\"canonical\" href=\"https:\/\/biarchitecture.org\/en\/visitas-guiadas-en-barco\/\" \/>\n<meta property=\"og:locale\" content=\"en_US\" \/>\n<meta property=\"og:type\" content=\"article\" \/>\n<meta property=\"og:title\" content=\"GUIDED BOAT TOURS ALONG THE BILBAO RIA (ESTUARY) - BIA Architecture\" \/>\n<meta property=\"og:description\" content=\"Ciclos de cine englobados dentro del marco de actividades ciudadanas organizadas por el COAVN para BIA 2022.\" \/>\n<meta property=\"og:url\" content=\"https:\/\/biarchitecture.org\/en\/visitas-guiadas-en-barco\/\" \/>\n<meta property=\"og:site_name\" content=\"BIA Architecture\" \/>\n<meta property=\"article:modified_time\" content=\"2024-12-05T10:06:35+00:00\" \/>\n<meta name=\"twitter:card\" content=\"summary_large_image\" \/>\n<meta name=\"twitter:label1\" content=\"Est. reading time\" \/>\n\t<meta name=\"twitter:data1\" content=\"1 minute\" \/>\n<script type=\"application\/ld+json\" class=\"yoast-schema-graph\">{\"@context\":\"https:\\\/\\\/schema.org\",\"@graph\":[{\"@type\":\"WebPage\",\"@id\":\"https:\\\/\\\/biarchitecture.org\\\/en\\\/visitas-guiadas-en-barco\\\/\",\"url\":\"https:\\\/\\\/biarchitecture.org\\\/en\\\/visitas-guiadas-en-barco\\\/\",\"name\":\"GUIDED BOAT TOURS ALONG THE BILBAO RIA (ESTUARY) - BIA Architecture\",\"isPartOf\":{\"@id\":\"https:\\\/\\\/biarchitecture.org\\\/en\\\/#website\"},\"datePublished\":\"2024-12-05T08:28:25+00:00\",\"dateModified\":\"2024-12-05T10:06:35+00:00\",\"description\":\"Ciclos de cine englobados dentro del marco de actividades ciudadanas organizadas por el COAVN para BIA 2022.\",\"breadcrumb\":{\"@id\":\"https:\\\/\\\/biarchitecture.org\\\/en\\\/visitas-guiadas-en-barco\\\/#breadcrumb\"},\"inLanguage\":\"en-US\",\"potentialAction\":[{\"@type\":\"ReadAction\",\"target\":[\"https:\\\/\\\/biarchitecture.org\\\/en\\\/visitas-guiadas-en-barco\\\/\"]}]},{\"@type\":\"BreadcrumbList\",\"@id\":\"https:\\\/\\\/biarchitecture.org\\\/en\\\/visitas-guiadas-en-barco\\\/#breadcrumb\",\"itemListElement\":[{\"@type\":\"ListItem\",\"position\":1,\"name\":\"Portada\",\"item\":\"https:\\\/\\\/biarchitecture.org\\\/en\\\/\"},{\"@type\":\"ListItem\",\"position\":2,\"name\":\"GUIDED BOAT TOURS ALONG THE BILBAO RIA (ESTUARY)\"}]},{\"@type\":\"WebSite\",\"@id\":\"https:\\\/\\\/biarchitecture.org\\\/en\\\/#website\",\"url\":\"https:\\\/\\\/biarchitecture.org\\\/en\\\/\",\"name\":\"BIA Architecture\",\"description\":\"Plataforma para la difusi\u00f3n y promoci\u00f3n de la arquitectura vizca\u00edna\",\"publisher\":{\"@id\":\"https:\\\/\\\/biarchitecture.org\\\/en\\\/#organization\"},\"alternateName\":\"BIA Forum\",\"potentialAction\":[{\"@type\":\"SearchAction\",\"target\":{\"@type\":\"EntryPoint\",\"urlTemplate\":\"https:\\\/\\\/biarchitecture.org\\\/en\\\/?s={search_term_string}\"},\"query-input\":{\"@type\":\"PropertyValueSpecification\",\"valueRequired\":true,\"valueName\":\"search_term_string\"}}],\"inLanguage\":\"en-US\"},{\"@type\":\"Organization\",\"@id\":\"https:\\\/\\\/biarchitecture.org\\\/en\\\/#organization\",\"name\":\"BIA Urban Regeneration Forum\",\"url\":\"https:\\\/\\\/biarchitecture.org\\\/en\\\/\",\"logo\":{\"@type\":\"ImageObject\",\"inLanguage\":\"en-US\",\"@id\":\"https:\\\/\\\/biarchitecture.org\\\/en\\\/#\\\/schema\\\/logo\\\/image\\\/\",\"url\":\"https:\\\/\\\/biarchitecture.org\\\/wp-content\\\/uploads\\\/2020\\\/11\\\/bia-scaled.jpg\",\"contentUrl\":\"https:\\\/\\\/biarchitecture.org\\\/wp-content\\\/uploads\\\/2020\\\/11\\\/bia-scaled.jpg\",\"width\":2346,\"height\":2560,\"caption\":\"BIA Urban Regeneration Forum\"},\"image\":{\"@id\":\"https:\\\/\\\/biarchitecture.org\\\/en\\\/#\\\/schema\\\/logo\\\/image\\\/\"}}]}<\/script>\n<!-- \/ Yoast SEO plugin. -->","yoast_head_json":{"title":"GUIDED BOAT TOURS ALONG THE BILBAO RIA (ESTUARY) - BIA Architecture","description":"Ciclos de cine englobados dentro del marco de actividades ciudadanas organizadas por el COAVN para BIA 2022.","robots":{"index":"index","follow":"follow","max-snippet":"max-snippet:-1","max-image-preview":"max-image-preview:large","max-video-preview":"max-video-preview:-1"},"canonical":"https:\/\/biarchitecture.org\/en\/visitas-guiadas-en-barco\/","og_locale":"en_US","og_type":"article","og_title":"GUIDED BOAT TOURS ALONG THE BILBAO RIA (ESTUARY) - BIA Architecture","og_description":"Ciclos de cine englobados dentro del marco de actividades ciudadanas organizadas por el COAVN para BIA 2022.","og_url":"https:\/\/biarchitecture.org\/en\/visitas-guiadas-en-barco\/","og_site_name":"BIA Architecture","article_modified_time":"2024-12-05T10:06:35+00:00","twitter_card":"summary_large_image","twitter_misc":{"Est. reading time":"1 minute"},"schema":{"@context":"https:\/\/schema.org","@graph":[{"@type":"WebPage","@id":"https:\/\/biarchitecture.org\/en\/visitas-guiadas-en-barco\/","url":"https:\/\/biarchitecture.org\/en\/visitas-guiadas-en-barco\/","name":"GUIDED BOAT TOURS ALONG THE BILBAO RIA (ESTUARY) - BIA Architecture","isPartOf":{"@id":"https:\/\/biarchitecture.org\/en\/#website"},"datePublished":"2024-12-05T08:28:25+00:00","dateModified":"2024-12-05T10:06:35+00:00","description":"Ciclos de cine englobados dentro del marco de actividades ciudadanas organizadas por el COAVN para BIA 2022.","breadcrumb":{"@id":"https:\/\/biarchitecture.org\/en\/visitas-guiadas-en-barco\/#breadcrumb"},"inLanguage":"en-US","potentialAction":[{"@type":"ReadAction","target":["https:\/\/biarchitecture.org\/en\/visitas-guiadas-en-barco\/"]}]},{"@type":"BreadcrumbList","@id":"https:\/\/biarchitecture.org\/en\/visitas-guiadas-en-barco\/#breadcrumb","itemListElement":[{"@type":"ListItem","position":1,"name":"Portada","item":"https:\/\/biarchitecture.org\/en\/"},{"@type":"ListItem","position":2,"name":"GUIDED BOAT TOURS ALONG THE BILBAO RIA (ESTUARY)"}]},{"@type":"WebSite","@id":"https:\/\/biarchitecture.org\/en\/#website","url":"https:\/\/biarchitecture.org\/en\/","name":"BIA Architecture","description":"Plataforma para la difusi\u00f3n y promoci\u00f3n de la arquitectura vizca\u00edna","publisher":{"@id":"https:\/\/biarchitecture.org\/en\/#organization"},"alternateName":"BIA Forum","potentialAction":[{"@type":"SearchAction","target":{"@type":"EntryPoint","urlTemplate":"https:\/\/biarchitecture.org\/en\/?s={search_term_string}"},"query-input":{"@type":"PropertyValueSpecification","valueRequired":true,"valueName":"search_term_string"}}],"inLanguage":"en-US"},{"@type":"Organization","@id":"https:\/\/biarchitecture.org\/en\/#organization","name":"BIA Urban Regeneration Forum","url":"https:\/\/biarchitecture.org\/en\/","logo":{"@type":"ImageObject","inLanguage":"en-US","@id":"https:\/\/biarchitecture.org\/en\/#\/schema\/logo\/image\/","url":"https:\/\/biarchitecture.org\/wp-content\/uploads\/2020\/11\/bia-scaled.jpg","contentUrl":"https:\/\/biarchitecture.org\/wp-content\/uploads\/2020\/11\/bia-scaled.jpg","width":2346,"height":2560,"caption":"BIA Urban Regeneration Forum"},"image":{"@id":"https:\/\/biarchitecture.org\/en\/#\/schema\/logo\/image\/"}}]}},"_links":{"self":[{"href":"https:\/\/biarchitecture.org\/en\/wp-json\/wp\/v2\/pages\/12892","targetHints":{"allow":["GET"]}}],"collection":[{"href":"https:\/\/biarchitecture.org\/en\/wp-json\/wp\/v2\/pages"}],"about":[{"href":"https:\/\/biarchitecture.org\/en\/wp-json\/wp\/v2\/types\/page"}],"author":[{"embeddable":true,"href":"https:\/\/biarchitecture.org\/en\/wp-json\/wp\/v2\/users\/1"}],"replies":[{"embeddable":true,"href":"https:\/\/biarchitecture.org\/en\/wp-json\/wp\/v2\/comments?post=12892"}],"version-history":[{"count":3,"href":"https:\/\/biarchitecture.org\/en\/wp-json\/wp\/v2\/pages\/12892\/revisions"}],"predecessor-version":[{"id":12895,"href":"https:\/\/biarchitecture.org\/en\/wp-json\/wp\/v2\/pages\/12892\/revisions\/12895"}],"wp:attachment":[{"href":"https:\/\/biarchitecture.org\/en\/wp-json\/wp\/v2\/media?parent=12892"}],"curies":[{"name":"wp","href":"https:\/\/api.w.org\/{rel}","templated":true}]}}